{"id":1612,"date":"2026-04-10T08:20:45","date_gmt":"2026-04-10T08:20:45","guid":{"rendered":"https:\/\/aktiv-in-hagenberg.at\/?page_id=1612"},"modified":"2026-04-17T05:54:05","modified_gmt":"2026-04-17T05:54:05","slug":"fussball","status":"publish","type":"page","link":"https:\/\/aktiv-in-hagenberg.at\/index.php\/fussball\/","title":{"rendered":"Fussball"},"content":{"rendered":"<div data-spectra-id=\"0cc92cd5\"\tstyle=\"overflow: visible; --spectra-background-color: var(--ast-global-color-7); --spectra-overlay-opacity: 0.4;\" class=\"spectra-is-root-container alignfull spectra-overlay-color spectra-overflow spectra-background-color spectra-dim-ratio wp-block-spectra-container\" data-orientation=\"vertical\"\t>\n\t\n<div data-spectra-id=\"spectra-ea11c126-root\" style=\"overflow: visible\" class=\"spectra-overlay-color spectra-overflow wp-block-spectra-container\" data-orientation=\"vertical\">\n\t\n\n<div class=\"wp-block-group is-layout-constrained wp-block-group-is-layout-constrained\">\t<h1 data-spectra-id=\"spectra-ea11c126-heading\" style=\"--spectra-text-color: #ffffff\" class=\"has-text-color spectra-text-color wp-block-spectra-content has-text-color has-ffffff-color\">\n\t\tFUSSBALL\t<\/h1>\n\n\n\t<h3 data-spectra-id=\"spectra-79e05496-df58-4fef-8861-cb499f7b612f\" style=\"--spectra-text-color: #ffffff\" class=\"has-text-color spectra-text-color wp-block-spectra-content has-text-color has-ffffff-color\">\n\t\tIN HAGENBERG\t<\/h3>\n<\/div>\n\n<\/div>\n\n<\/div>\n\n\n<div data-spectra-id=\"spectra-mmei4hw4-9881z3\"\tstyle=\"overflow: visible;\" class=\"spectra-is-root-container alignfull spectra-overlay-color spectra-overflow wp-block-spectra-container\" data-orientation=\"vertical\"\t>\n\t\n<div data-spectra-id=\"spectra-mmeicov1-uyvpbq\" style=\"overflow: visible\" class=\"spectra-overlay-color spectra-overflow wp-block-spectra-container\" data-orientation=\"vertical\">\n\t\n<div data-spectra-id=\"spectra-mmeid9v9-tcococ\" style=\"overflow: visible\" class=\"spectra-overlay-color spectra-overflow wp-block-spectra-container\" data-orientation=\"vertical\">\n\t\n\t<h2 data-spectra-id=\"spectra-mmeidt73-zouddz\" class=\"wp-block-spectra-content\">\n\t\tErlebe Fu\u00dfballspa\u00df in Hagenberg\t<\/h2>\n\n\n<div data-spectra-id=\"spectra-mmeie3q7-r0lhws\" style=\"display: flex;justify-content: center\" class=\"wp-block-spectra-separator spectra-separator-color wp-block-spectra-separator\">\n\t<div class=\"spectra-separator-line\" style=\"margin-left: auto;margin-right: auto;background-color: var(--ast-global-color-0)\"><\/div>\n<\/div>\n\n\n\t<p data-spectra-id=\"spectra-mmeijnbz-u4c1gs\" class=\"wp-block-spectra-content\">\n\t\t<strong>Fu\u00dfball in Hagenberg bedeutet Leidenschaft, Teamspirit und pure Emotion. Wenn der Ball rollt und die Mannschaft gemeinsam um jeden Meter k\u00e4mpft, entstehen unvergessliche Momente. Egal ob du deine Technik verfeinern oder einfach nur mit Freunden kicken m\u00f6chtest \u2013 bei uns steht der Spa\u00df am Spiel im Vordergrund.<br><em><br>Genie\u00dfe Fu\u00dfball in Hagenberg das ganze Jahr \u00fcber \u2013 egal ob im Winter in der Halle oder drau\u00dfen auf dem Feld! <\/em><\/strong> \t<\/p>\n\n<\/div>\n\n\n<div data-spectra-id=\"spectra-mnsqn4n6-nfmz1x\" style=\"overflow: visible\" class=\"spectra-overlay-color spectra-overflow wp-block-spectra-container\" id=\"Spielorte\" data-orientation=\"vertical\">\n\t\n<div data-spectra-id=\"spectra-mnupx1qw-8ve9cg\" style=\"overflow: visible\" class=\"spectra-overlay-color spectra-overflow wp-block-spectra-container\" data-orientation=\"vertical\">\n\t\n\n<h6 class=\"wp-block-heading\">Spielorte<\/h6>\n\n<\/div>\n\n\n<div data-spectra-id=\"spectra-mnupwinv-fseyoz\" style=\"overflow: visible\" class=\"spectra-overlay-color spectra-overflow wp-block-spectra-container\" data-orientation=\"vertical\">\n\t\n<div data-spectra-id=\"spectra-mnupwlt2-j3u62r\" style=\"overflow: visible\" class=\"spectra-overlay-color spectra-overflow wp-block-spectra-container\" data-orientation=\"vertical\">\n\t\n<div data-spectra-id=\"spectra-2477dd81-root\" style=\"overflow: visible\" class=\"spectra-overlay-color spectra-overflow wp-block-spectra-container\" data-orientation=\"vertical\">\n\t\n\n<figure data-spectra-id=\"spectra-mnupyw50-7v66t6\" class=\"wp-block-image size-full has-custom-border\"><img loading=\"lazy\" decoding=\"async\" width=\"2560\" height=\"1429\" src=\"https:\/\/aktiv-in-hagenberg.at\/wp-content\/uploads\/2026\/04\/Feld-scaled.png\" alt=\"\" class=\"wp-image-1951\" \/><\/figure>\n\n\n<div data-spectra-id=\"spectra-mnuq6bkt-pq51zg\" style=\"overflow: visible\" class=\"spectra-overlay-color spectra-overflow wp-block-spectra-container\" data-orientation=\"vertical\">\n\t\n\n<h4 class=\"wp-block-heading\">Outdoor spielen<\/h4>\n\n\n<div data-spectra-id=\"spectra-f8f99e3b-42b8-4ff1-958f-7f9ad8e1d12b\" style=\"display: flex;justify-content: flex-start\" class=\"wp-block-spectra-separator spectra-separator-color wp-block-spectra-separator\">\n\t<div class=\"spectra-separator-line\" style=\"margin-right: auto;background-color: var(--ast-global-color-0)\"><\/div>\n<\/div>\n\n\n\n<p>F\u00fcr Fu\u00dfballbegeisterte bietet Hagenberg zwei attraktive Optionen unter freiem Himmel. Wer den kompetitiven Wettkampf sucht, kann sich dem ASV Hagenberg anschlie\u00dfen und am offiziellen Vereinsbetrieb teilnehmen. F\u00fcr den entspannten Hobby-Kick mit Freunden steht der Kleinfeldplatz beim Agrarbildungszentrum zur Verf\u00fcgung.<\/p>\n\n<\/div>\n\n<\/div>\n\n<\/div>\n\n\n<div data-spectra-id=\"spectra-mnupwlt9-m3po4j\" style=\"overflow: visible\" class=\"spectra-overlay-color spectra-overflow wp-block-spectra-container\" data-orientation=\"vertical\">\n\t\n\n<figure data-spectra-id=\"spectra-mnupzc0g-emkljr\" class=\"wp-block-image size-full has-custom-border\"><img loading=\"lazy\" decoding=\"async\" width=\"2560\" height=\"1449\" src=\"https:\/\/aktiv-in-hagenberg.at\/wp-content\/uploads\/2026\/04\/falaq-lazuardi-LSOTmGcdaKQ-unsplash-scaled.jpg\" alt=\"\" class=\"wp-image-1950\" \/><\/figure>\n\n\n<div data-spectra-id=\"spectra-mnuq7odt-je1b6x\" style=\"overflow: visible\" class=\"spectra-overlay-color spectra-overflow wp-block-spectra-container\" data-orientation=\"vertical\">\n\t\n\n<h4 class=\"wp-block-heading\">Indoor spielen<\/h4>\n\n\n<div data-spectra-id=\"spectra-5c22f1c0-c7cf-4701-bb34-60b002591ed2\" style=\"display: flex;justify-content: flex-start\" class=\"wp-block-spectra-separator spectra-separator-color wp-block-spectra-separator\">\n\t<div class=\"spectra-separator-line\" style=\"margin-right: auto;background-color: var(--ast-global-color-0)\"><\/div>\n<\/div>\n\n\n\n<p>Auch im Winter bleibt Hagenberg sportlich aktiv. In der lokalen Sporthalle stehen zwei Optionen zur Auswahl: F\u00fcr private Gruppen l\u00e4sst sich die Halle g\u00fcnstig mieten. Alternativ gibt es speziell f\u00fcr Studierende fixierte Trainingszeiten \u2013 laut aktuellem Plan wird jeden Freitag trainiert. Eine ideale M\u00f6glichkeit, um wetterunabh\u00e4ngig und kosteneffizient am Ball zu bleiben.<\/p>\n\n<\/div>\n\n<\/div>\n\n<\/div>\n\n<\/div>\n\n\n<div data-spectra-id=\"spectra-mnsr7v4l-kxqhko\" style=\"overflow: visible\" class=\"spectra-overlay-color spectra-overflow wp-block-spectra-container\" id=\"Verein\" data-orientation=\"vertical\">\n\t\n<div data-spectra-id=\"spectra-mnuovnnw-whhh4r\" style=\"overflow: visible\" class=\"spectra-overlay-color spectra-overflow wp-block-spectra-container\" data-orientation=\"vertical\">\n\t\n\n<h6 class=\"wp-block-heading\">Verein<\/h6>\n\n\n\n<h2 class=\"wp-block-heading\">ASV Hagenberg<\/h2>\n\n<\/div>\n\n\n\n<p>Der ASV Hagenberg ist ein vielseitiger Verein, der Fu\u00dfball f\u00fcr alle Altersgruppen und Geschlechter bietet. Mit eigenen M\u00e4nner- und Frauenteams sowie mehreren Jugendmannschaften findet jeder den passenden Platz. Die Teams nehmen aktiv am regelm\u00e4\u00dfigen Spielbetrieb teil und bieten die ideale Plattform, um sportliche Leidenschaft und Teamgeist direkt in Hagenberg zu leben.<\/p>\n\n\n\n<p>Wenn du Interesse hast, Teil eines Teams zu werden oder einfach einmal vorbeizuschauen, findest du <a href=\"https:\/\/www.asv-hagenberg.at\/category\/fussball\/\" data-type=\"link\" data-id=\"https:\/\/www.asv-hagenberg.at\/category\/volleyball\/\" target=\"_blank\" rel=\"noopener\">hier <\/a>weitere Informationen.<\/p>\n\n\n<div data-spectra-id=\"spectra-mnsr9cf6-erx62m\" class=\"wp-block-button spectra-buttons wp-block-spectra-buttons\">\n\t\n<a data-spectra-id=\"spectra-mnsr9cib-mk4rx9\" href=\"https:\/\/www.asv-hagenberg.at\/\" target=\"_self\" aria-label=\"Zu ASV Hagenberg\" class=\"wp-block-button__link wp-element-button wp-block-spectra-button\" rel=\"noopener\">\n<div class=\"spectra-button__link\">Zu ASV Hagenberg<\/div><\/a>\n\n<\/div>\n\n<\/div>\n\n\n<div data-spectra-id=\"spectra-mnun4igc-novf7z\" style=\"overflow: visible;--spectra-box-shadow: 0px 0px 0px 0px #000000\" class=\"spectra-overlay-color spectra-overflow spectra-box-shadow wp-block-spectra-container\" data-orientation=\"vertical\">\n\t\n<div data-spectra-id=\"spectra-mnun501b-ujhmpw\" style=\"overflow: visible\" class=\"spectra-overlay-color spectra-overflow wp-block-spectra-container\" data-orientation=\"vertical\">\n\t\n\n<div class=\"wp-block-group is-nowrap is-layout-flex wp-container-core-group-is-layout-6c531013 wp-block-group-is-layout-flex\">\n<figure data-spectra-id=\"spectra-mnvv6v5s-bbul37\" class=\"wp-block-image size-full has-custom-border\" style=\"margin-top:0;margin-right:0;margin-bottom:0;margin-left:0\"><img loading=\"lazy\" decoding=\"async\" width=\"741\" height=\"556\" src=\"https:\/\/aktiv-in-hagenberg.at\/wp-content\/uploads\/2026\/04\/fusball_quer2-1.jpg\" alt=\"\" class=\"wp-image-1952\" \/><\/figure>\n\n\n<div data-spectra-id=\"spectra-mnvv0jg2-f4qjdm\" data-aos-delay=\"0\" data-aos-duration=\"400\" data-aos-easing=\"ease\" data-aos-once=\"true\" data-aos=\"slide-right\" class=\"spectra-google-map wp-block-spectra-google-map\">\n\t<embed class=\"spectra-google-map__iframe\" title=\"Google Map for 48\u00b022&#039;17.3&quot;N 14\u00b031&#039;09.7&quot;E\" src=\"https:\/\/maps.google.com\/maps?q=48%C2%B022%2717.3%22N+14%C2%B031%2709.7%22E&#038;z=14&#038;hl=de&#038;t=m&#038;output=embed&#038;iwloc=near\" width=\"100%\" height=\"100%\" style=\"border: 0\" allowfullscreen=\"\" loading=\"lazy\" referrerpolicy=\"no-referrer-when-downgrade\"><\/embed>\n<\/div>\n<\/div>\n\n\n\n<div class=\"wp-block-columns is-layout-flex wp-container-core-columns-is-layout-28f84493 wp-block-columns-is-layout-flex\">\n<div class=\"wp-block-column is-layout-flow wp-block-column-is-layout-flow\" style=\"flex-basis:100%\"><\/div>\n<\/div>\n\n<\/div>\n\n<\/div>\n\n<\/div>\n\n<\/div>\n\n\n<div data-spectra-id=\"spectra-92f3994a-1a40-45a7-bd00-40fcc680efa4\"\tstyle=\"overflow: visible; --spectra-overlay-opacity: 1;\" class=\"spectra-is-root-container alignfull spectra-overlay-color spectra-overflow spectra-dim-ratio wp-block-spectra-container\" data-orientation=\"vertical\"\t>\n\t\n<div data-spectra-id=\"spectra-3240ac94-1ada-4f97-a9a1-6c1f711118b1\" style=\"overflow: visible\" class=\"spectra-overlay-color spectra-overflow wp-block-spectra-container\" data-orientation=\"vertical\">\n\t\n\t<h4 data-spectra-id=\"spectra-mnsrleya-5ky8g1\" class=\"wp-block-spectra-content\">\n\t\tDiese <a href=\"https:\/\/aktiv-in-hagenberg.at\/\" data-type=\"page\" data-id=\"1576\">Sportangebote in Hagenberg<\/a> k\u00f6nnten dich auch interessieren!\t<\/h4>\n\n\n<div data-spectra-id=\"spectra-mnuk6l78-1nieay\" style=\"overflow: visible\" class=\"spectra-overlay-color spectra-overflow wp-block-spectra-container\" data-orientation=\"vertical\">\n\t\n\n<div class=\"wp-block-group is-layout-grid wp-container-core-group-is-layout-478b6e6b wp-block-group-is-layout-grid\">\n<div class=\"wp-block-cover\" style=\"border-top-left-radius:6px;border-top-right-radius:6px;border-bottom-left-radius:6px;border-bottom-right-radius:6px\"><img loading=\"lazy\" decoding=\"async\" width=\"1264\" height=\"842\" class=\"wp-block-cover__image-background wp-image-1780 size-full\" alt=\"Laufen in Hagenberg - KI generiertes Bild von der Landschaft\" src=\"https:\/\/aktiv-in-hagenberg.at\/wp-content\/uploads\/2026\/04\/Gemini_Generated_Image_dm4qpgdm4qpgdm4q.png\" style=\"object-position:32% 46%\" data-object-fit=\"cover\" data-object-position=\"32% 46%\" \/><span aria-hidden=\"true\" class=\"wp-block-cover__background has-background-dim\" style=\"background-color:#947a5e\"><\/span><div class=\"wp-block-cover__inner-container is-layout-flow wp-block-cover-is-layout-flow\">\n<p class=\"has-text-align-center has-ast-global-color-4-color has-text-color has-link-color has-medium-font-size wp-elements-9627d772e15e2a81ac4a9925c76cdb05\"><strong><a href=\"https:\/\/aktiv-in-hagenberg.at\/index.php\/laufen\/\" data-type=\"page\" data-id=\"1607\">Laufen<\/a><\/strong><\/p>\n<\/div><\/div>\n\n\n\n<div class=\"wp-block-cover\" style=\"border-top-left-radius:6px;border-top-right-radius:6px;border-bottom-left-radius:6px;border-bottom-right-radius:6px\"><img loading=\"lazy\" decoding=\"async\" width=\"1536\" height=\"1024\" class=\"wp-block-cover__image-background wp-image-1738\" alt=\"Fitness in Hagenberg - KI generiertes Header Bild, acht personen \u00fcben unterschiedliche Fitness\u00fcbunggen aus\" src=\"https:\/\/aktiv-in-hagenberg.at\/wp-content\/uploads\/2026\/04\/Header_Fitness-KI.png\" style=\"object-position:44% 54%\" data-object-fit=\"cover\" data-object-position=\"44% 54%\" \/><span aria-hidden=\"true\" class=\"wp-block-cover__background has-background-dim\"><\/span><div class=\"wp-block-cover__inner-container is-layout-flow wp-block-cover-is-layout-flow\">\n<p class=\"has-text-align-center has-ast-global-color-4-color has-text-color has-link-color has-medium-font-size wp-elements-8e6d617955fdd9f4526a1d88ef8fb556\"><strong><a href=\"https:\/\/aktiv-in-hagenberg.at\/index.php\/fitness-in-hagenberg\/\" data-type=\"page\" data-id=\"1600\">Fitness<\/a><\/strong><\/p>\n<\/div><\/div>\n\n\n\n<div class=\"wp-block-cover\" style=\"border-top-left-radius:6px;border-top-right-radius:6px;border-bottom-left-radius:6px;border-bottom-right-radius:6px\"><img loading=\"lazy\" decoding=\"async\" width=\"2560\" height=\"1707\" class=\"wp-block-cover__image-background wp-image-1829\" alt=\"Zwei Scuba Taucher unter Wasser\" src=\"https:\/\/aktiv-in-hagenberg.at\/wp-content\/uploads\/2026\/04\/20240825_111708000_iOS-edited-1-scaled.jpg\" style=\"object-position:56% 49%\" data-object-fit=\"cover\" data-object-position=\"56% 49%\" \/><span aria-hidden=\"true\" class=\"wp-block-cover__background has-background-dim\"><\/span><div class=\"wp-block-cover__inner-container is-layout-flow wp-block-cover-is-layout-flow\">\n<p class=\"has-text-align-center has-ast-global-color-4-color has-text-color has-link-color has-medium-font-size wp-elements-25833b49bf3fddedc60f5ed13539ed0a\"><strong><a href=\"https:\/\/aktiv-in-hagenberg.at\/index.php\/scuba-diving\/\" data-type=\"page\" data-id=\"1627\">Scuba Diving<\/a><\/strong><\/p>\n<\/div><\/div>\n\n\n\n<div class=\"wp-block-cover\" style=\"border-top-left-radius:6px;border-top-right-radius:6px;border-bottom-left-radius:6px;border-bottom-right-radius:6px\"><img loading=\"lazy\" decoding=\"async\" width=\"1024\" height=\"683\" class=\"wp-block-cover__image-background wp-image-1833\" alt=\"\" src=\"https:\/\/aktiv-in-hagenberg.at\/wp-content\/uploads\/2026\/04\/Eisstockschiessen_KI-edited.png\" style=\"object-position:69% 59%\" data-object-fit=\"cover\" data-object-position=\"69% 59%\" \/><span aria-hidden=\"true\" class=\"wp-block-cover__background has-background-dim\"><\/span><div class=\"wp-block-cover__inner-container is-layout-flow wp-block-cover-is-layout-flow\">\n<p class=\"has-text-align-center has-ast-global-color-4-color has-text-color has-link-color has-medium-font-size wp-elements-8c412bd268245104db153ae247c7c665\"><strong><a href=\"https:\/\/aktiv-in-hagenberg.at\/index.php\/eisstockschiessen\/\" data-type=\"page\" data-id=\"1620\">Eisstock-schie\u00dfen<\/a><\/strong><\/p>\n<\/div><\/div>\n\n\n\n<div class=\"wp-block-cover\" style=\"border-top-left-radius:6px;border-top-right-radius:6px;border-bottom-left-radius:6px;border-bottom-right-radius:6px\"><img loading=\"lazy\" decoding=\"async\" width=\"1158\" height=\"772\" class=\"wp-block-cover__image-background wp-image-1828\" alt=\"Volleyball in Hagenberg - KI generiertes Bild von Volleyball\" src=\"https:\/\/aktiv-in-hagenberg.at\/wp-content\/uploads\/2026\/04\/Gemini_Generated_Image_dpv1cadpv1cadpv1-1-edited.png\" style=\"object-position:49% 52%\" data-object-fit=\"cover\" data-object-position=\"49% 52%\" \/><span aria-hidden=\"true\" class=\"wp-block-cover__background has-background-dim\"><\/span><div class=\"wp-block-cover__inner-container is-layout-flow wp-block-cover-is-layout-flow\">\n<p class=\"has-text-align-center has-ast-global-color-4-color has-text-color has-link-color has-medium-font-size wp-elements-858dbaf0fe832aa1fb650a3476fb5dce\"><strong><a href=\"https:\/\/aktiv-in-hagenberg.at\/index.php\/beachvolleyball\/\" data-type=\"page\" data-id=\"1630\">Beachvolleyball<\/a><\/strong><\/p>\n<\/div><\/div>\n<\/div>\n\n<\/div>\n\n<\/div>\n\n<\/div>\n\n\n\n<p><\/p>\n","protected":false},"excerpt":{"rendered":"","protected":false},"author":3,"featured_media":0,"parent":0,"menu_order":0,"comment_status":"closed","ping_status":"closed","template":"","meta":{"_uag_custom_page_level_css":"","site-sidebar-layout":"default","site-content-layout":"","ast-site-content-layout":"default","site-content-style":"default","site-sidebar-style":"default","ast-global-header-display":"","ast-banner-title-visibility":"","ast-main-header-display":"","ast-hfb-above-header-display":"","ast-hfb-below-header-display":"","ast-hfb-mobile-header-display":"","site-post-title":"disabled","ast-breadcrumbs-content":"","ast-featured-img":"","footer-sml-layout":"","ast-disable-related-posts":"","theme-transparent-header-meta":"","adv-header-id-meta":"","stick-header-meta":"","header-above-stick-meta":"","header-main-stick-meta":"","header-below-stick-meta":"","astra-migrate-meta-layouts":"set","ast-page-background-enabled":"default","ast-page-background-meta":{"desktop":{"background-color":"","background-image":"","background-repeat":"repeat","background-position":"center center","background-size":"auto","background-attachment":"scroll","background-type":"","background-media":"","overlay-type":"","overlay-color":"","overlay-opacity":"","overlay-gradient":""},"tablet":{"background-color":"","background-image":"","background-repeat":"repeat","background-position":"center center","background-size":"auto","background-attachment":"scroll","background-type":"","background-media":"","overlay-type":"","overlay-color":"","overlay-opacity":"","overlay-gradient":""},"mobile":{"background-color":"","background-image":"","background-repeat":"repeat","background-position":"center center","background-size":"auto","background-attachment":"scroll","background-type":"","background-media":"","overlay-type":"","overlay-color":"","overlay-opacity":"","overlay-gradient":""}},"ast-content-background-meta":{"desktop":{"background-color":"var(--ast-global-color-5)","background-image":"","background-repeat":"repeat","background-position":"center center","background-size":"auto","background-attachment":"scroll","background-type":"","background-media":"","overlay-type":"","overlay-color":"","overlay-opacity":"","overlay-gradient":""},"tablet":{"background-color":"var(--ast-global-color-5)","background-image":"","background-repeat":"repeat","background-position":"center center","background-size":"auto","background-attachment":"scroll","background-type":"","background-media":"","overlay-type":"","overlay-color":"","overlay-opacity":"","overlay-gradient":""},"mobile":{"background-color":"var(--ast-global-color-5)","background-image":"","background-repeat":"repeat","background-position":"center center","background-size":"auto","background-attachment":"scroll","background-type":"","background-media":"","overlay-type":"","overlay-color":"","overlay-opacity":"","overlay-gradient":""}},"footnotes":""},"class_list":["post-1612","page","type-page","status-publish","hentry"],"uagb_featured_image_src":{"full":false,"thumbnail":false,"medium":false,"medium_large":false,"large":false,"1536x1536":false,"2048x2048":false},"uagb_author_info":{"display_name":"Rebecca Wallner","author_link":"https:\/\/aktiv-in-hagenberg.at\/author\/becii\/"},"uagb_comment_info":0,"uagb_excerpt":null,"_links":{"self":[{"href":"https:\/\/aktiv-in-hagenberg.at\/index.php\/wp-json\/wp\/v2\/pages\/1612","targetHints":{"allow":["GET"]}}],"collection":[{"href":"https:\/\/aktiv-in-hagenberg.at\/index.php\/wp-json\/wp\/v2\/pages"}],"about":[{"href":"https:\/\/aktiv-in-hagenberg.at\/index.php\/wp-json\/wp\/v2\/types\/page"}],"author":[{"embeddable":true,"href":"https:\/\/aktiv-in-hagenberg.at\/index.php\/wp-json\/wp\/v2\/users\/3"}],"replies":[{"embeddable":true,"href":"https:\/\/aktiv-in-hagenberg.at\/index.php\/wp-json\/wp\/v2\/comments?post=1612"}],"version-history":[{"count":36,"href":"https:\/\/aktiv-in-hagenberg.at\/index.php\/wp-json\/wp\/v2\/pages\/1612\/revisions"}],"predecessor-version":[{"id":2002,"href":"https:\/\/aktiv-in-hagenberg.at\/index.php\/wp-json\/wp\/v2\/pages\/1612\/revisions\/2002"}],"wp:attachment":[{"href":"https:\/\/aktiv-in-hagenberg.at\/index.php\/wp-json\/wp\/v2\/media?parent=1612"}],"curies":[{"name":"wp","href":"https:\/\/api.w.org\/{rel}","templated":true}]}}